{"id":9351,"date":"2024-04-27T08:59:57","date_gmt":"2024-04-27T06:59:57","guid":{"rendered":"https:\/\/www.asso-torcol.fr\/?page_id=9351"},"modified":"2026-03-12T11:10:37","modified_gmt":"2026-03-12T10:10:37","slug":"nos-partenaires-financiers","status":"publish","type":"page","link":"https:\/\/www.asso-torcol.fr\/index.php\/nos-partenaires-financiers\/","title":{"rendered":"NOS PARTENAIRES FINANCIERS"},"content":{"rendered":"\n<div class=\"wp-block-group\"><div class=\"wp-block-group__inner-container is-layout-constrained wp-block-group-is-layout-constrained\">\n<div class=\"wp-block-columns is-layout-flex wp-container-core-columns-is-layout-9d6595d7 wp-block-columns-is-layout-flex\"><\/div>\n<\/div><\/div>\n\n\n\n<h1 class=\"wp-block-heading\"><\/h1>\n\n\n\n<div class=\"wp-block-group\"><div class=\"wp-block-group__inner-container is-layout-constrained wp-block-group-is-layout-constrained\">\n<div class=\"wp-block-columns is-layout-flex wp-container-core-columns-is-layout-9d6595d7 wp-block-columns-is-layout-flex\">\n<div class=\"wp-block-column is-layout-flow wp-block-column-is-layout-flow\"><div class=\"wp-block-image\">\n<figure class=\"aligncenter size-full is-resized\"><img loading=\"lazy\" decoding=\"async\" width=\"434\" height=\"655\" src=\"https:\/\/www.asso-torcol.fr\/wp-content\/uploads\/2024\/02\/Fondation-Nature-et-Decouverte.png\" alt=\"\" class=\"wp-image-9287\" style=\"aspect-ratio:0.6666666666666666;width:152px;height:auto\"\/><\/figure><\/div>\n\n\n<h2 class=\"wp-block-heading has-text-align-center\"><a href=\"https:\/\/fondation.natureetdecouvertes.com\/\">Fondation Nature &amp; <\/a><a href=\"https:\/\/fondation.natureetdecouvertes.com\/\" target=\"_blank\" rel=\"noreferrer noopener\">d\u00e9couverte<\/a><\/h2>\n\n\n\n<p class=\"has-text-align-center\">Elle initie et concr\u00e9tise des projets associatifs de terrain, pour la protection de la biodiversit\u00e9 et l\u2019\u00e9ducation \u00e0 la nature.\u00a030 ans d&rsquo;actions pour la protection de la biodiversit\u00e9 et l&rsquo;\u00e9ducation \u00e0 la nature.<\/p>\n<\/div>\n\n\n\n<div class=\"wp-block-column is-layout-flow wp-block-column-is-layout-flow\"><div class=\"wp-block-image\">\n<figure class=\"aligncenter size-full is-resized\"><img loading=\"lazy\" decoding=\"async\" width=\"625\" height=\"231\" src=\"https:\/\/www.asso-torcol.fr\/wp-content\/uploads\/2024\/02\/Salamandre.png\" alt=\"\" class=\"wp-image-9289\" style=\"width:357px;height:132px\"\/><\/figure><\/div>\n\n\n<h2 class=\"wp-block-heading has-text-align-center\"><a href=\"https:\/\/www.salamandre.org\/\">La <\/a><a href=\"https:\/\/www.salamandre.org\/\" target=\"_blank\" rel=\"noreferrer noopener\">salamandre<\/a><\/h2>\n\n\n\n<p class=\"has-text-align-center\">La Salamandre est un \u00e9diteur ind\u00e9pendant et sans but lucratif enti\u00e8rement d\u00e9di\u00e9 \u00e0 une cause essentielle : faire aimer la nature. Partez \u00e0 la rencontre d&rsquo;animaux petits et grands ou de plantes incroyables qui vivent tout pr\u00e8s de chez vous.<\/p>\n<\/div>\n<\/div>\n<\/div><\/div>\n\n\n\n<div class=\"wp-block-group\"><div class=\"wp-block-group__inner-container is-layout-constrained wp-block-group-is-layout-constrained\">\n<div class=\"wp-block-columns is-layout-flex wp-container-core-columns-is-layout-9d6595d7 wp-block-columns-is-layout-flex\">\n<div class=\"wp-block-column is-layout-flow wp-block-column-is-layout-flow\"><div class=\"wp-block-image\">\n<figure class=\"aligncenter size-full\"><img loading=\"lazy\" decoding=\"async\" width=\"372\" height=\"296\" src=\"https:\/\/www.asso-torcol.fr\/wp-content\/uploads\/2024\/02\/ministere-de-la-jeunesse.png\" alt=\"\" class=\"wp-image-9290\"\/><\/figure><\/div>\n\n\n<h2 class=\"wp-block-heading has-text-align-center\"><a href=\"https:\/\/www.sports.gouv.fr\/\"> Le minist\u00e8re de la  Jeunesse <\/a><a href=\"https:\/\/www.sports.gouv.fr\/\" target=\"_blank\" rel=\"noreferrer noopener\">et <\/a><a href=\"https:\/\/www.sports.gouv.fr\/\">des Sports<\/a><\/h2>\n\n\n\n<p><\/p>\n<\/div>\n\n\n\n<div class=\"wp-block-column is-layout-flow wp-block-column-is-layout-flow\"><div class=\"wp-block-image\">\n<figure class=\"aligncenter size-full is-resized\"><img loading=\"lazy\" decoding=\"async\" width=\"381\" height=\"381\" src=\"https:\/\/www.asso-torcol.fr\/wp-content\/uploads\/2024\/02\/MAD-et-MOSELLE.png\" alt=\"\" class=\"wp-image-9291\" style=\"width:293px;height:auto\" srcset=\"https:\/\/www.asso-torcol.fr\/wp-content\/uploads\/2024\/02\/MAD-et-MOSELLE.png 381w, https:\/\/www.asso-torcol.fr\/wp-content\/uploads\/2024\/02\/MAD-et-MOSELLE-150x150.png 150w, https:\/\/www.asso-torcol.fr\/wp-content\/uploads\/2024\/02\/MAD-et-MOSELLE-80x80.png 80w, https:\/\/www.asso-torcol.fr\/wp-content\/uploads\/2024\/02\/MAD-et-MOSELLE-320x320.png 320w\" sizes=\"auto, (max-width: 381px) 100vw, 381px\" \/><\/figure><\/div>\n\n\n<h2 class=\"wp-block-heading has-text-align-center\"><a href=\"https:\/\/www.cc-madetmoselle.fr\/\"> La <\/a><a href=\"https:\/\/www.cc-madetmoselle.fr\/\" target=\"_blank\" rel=\"noreferrer noopener\">communaut\u00e9 <\/a><a href=\"https:\/\/www.cc-madetmoselle.fr\/\">de communes Mad&amp; Moselle<\/a><\/h2>\n<\/div>\n<\/div>\n<\/div><\/div>\n\n\n\n<p><\/p>\n\n\n\n<div class=\"wp-block-group\"><div class=\"wp-block-group__inner-container is-layout-constrained wp-block-group-is-layout-constrained\">\n<div class=\"wp-block-columns is-layout-flex wp-container-core-columns-is-layout-9d6595d7 wp-block-columns-is-layout-flex\">\n<div class=\"wp-block-column is-layout-flow wp-block-column-is-layout-flow\"><div class=\"wp-block-image\">\n<figure class=\"aligncenter size-full is-resized\"><img loading=\"lazy\" decoding=\"async\" width=\"568\" height=\"215\" src=\"https:\/\/www.asso-torcol.fr\/wp-content\/uploads\/2024\/02\/UEM-Fondation.png\" alt=\"\" class=\"wp-image-9292\" style=\"width:423px;height:auto\"\/><\/figure><\/div>\n\n\n<h2 class=\"wp-block-heading has-text-align-center\"><a href=\"https:\/\/www.fondation-uem.org\/\"> UEM Fondation d&rsquo;<\/a><a href=\"https:\/\/www.fondation-uem.org\/\" target=\"_blank\" rel=\"noreferrer noopener\">entreprise<\/a><\/h2>\n\n\n\n<p class=\"has-text-align-center\"><em>La fondation s\u2019appuie sur des b\u00e9n\u00e9voles, qui donnent de leur temps pour analyser vos demandes, comprendre vos intentions, et vous accompagner dans la r\u00e9alisation des projets qui entrent dans le cadre de nos objectifs.<\/em><\/p>\n<\/div>\n\n\n\n<div class=\"wp-block-column is-layout-flow wp-block-column-is-layout-flow\">\n<h2 class=\"wp-block-heading\"><\/h2>\n\n\n\n<p><\/p>\n\n\n\n<p><\/p>\n\n\n\n<p><\/p>\n<\/div>\n<\/div>\n<\/div><\/div>\n\n\n\n<hr class=\"wp-block-separator has-alpha-channel-opacity\"\/>\n\n\n\n<div class=\"wp-block-group\"><div class=\"wp-block-group__inner-container is-layout-constrained wp-block-group-is-layout-constrained\">\n<div class=\"wp-block-columns is-layout-flex wp-container-core-columns-is-layout-9d6595d7 wp-block-columns-is-layout-flex\">\n<div class=\"wp-block-column is-layout-flow wp-block-column-is-layout-flow\"><div class=\"wp-block-image\">\n<figure class=\"aligncenter size-full is-resized\"><img loading=\"lazy\" decoding=\"async\" width=\"362\" height=\"166\" src=\"https:\/\/www.asso-torcol.fr\/wp-content\/uploads\/2026\/03\/logo-damnature.jpg\" alt=\"\" class=\"wp-image-10566\" style=\"width:384px;height:auto\"\/><\/figure><\/div>\n\n\n<h2 class=\"wp-block-heading has-text-align-center\"><a href=\"https:\/\/www.damnature.fr\/\" target=\"_blank\" rel=\"noreferrer noopener\">DamNature<\/a><\/h2>\n\n\n\n<p><\/p>\n<\/div>\n\n\n\n<div class=\"wp-block-column is-layout-flow wp-block-column-is-layout-flow\">\n<p><\/p>\n<\/div>\n<\/div>\n<\/div><\/div>\n\n\n\n<hr class=\"wp-block-separator has-alpha-channel-opacity\"\/>\n\n\n\n<p><\/p>\n","protected":false},"excerpt":{"rendered":"<p>Fondation Nature &amp; d\u00e9couverte Elle initie et concr\u00e9tise des projets associatifs de terrain, pour la protection de la biodiversit\u00e9 et l\u2019\u00e9ducation \u00e0 la nature.\u00a030 ans d&rsquo;actions pour la protection de la biodiversit\u00e9 et l&rsquo;\u00e9ducation&#46;&#46;&#46;<\/p>\n","protected":false},"author":1,"featured_media":0,"parent":0,"menu_order":0,"comment_status":"closed","ping_status":"closed","template":"","meta":{"footnotes":""},"class_list":["post-9351","page","type-page","status-publish","hentry"],"_links":{"self":[{"href":"https:\/\/www.asso-torcol.fr\/index.php\/wp-json\/wp\/v2\/pages\/9351","targetHints":{"allow":["GET"]}}],"collection":[{"href":"https:\/\/www.asso-torcol.fr\/index.php\/wp-json\/wp\/v2\/pages"}],"about":[{"href":"https:\/\/www.asso-torcol.fr\/index.php\/wp-json\/wp\/v2\/types\/page"}],"author":[{"embeddable":true,"href":"https:\/\/www.asso-torcol.fr\/index.php\/wp-json\/wp\/v2\/users\/1"}],"replies":[{"embeddable":true,"href":"https:\/\/www.asso-torcol.fr\/index.php\/wp-json\/wp\/v2\/comments?post=9351"}],"version-history":[{"count":23,"href":"https:\/\/www.asso-torcol.fr\/index.php\/wp-json\/wp\/v2\/pages\/9351\/revisions"}],"predecessor-version":[{"id":10597,"href":"https:\/\/www.asso-torcol.fr\/index.php\/wp-json\/wp\/v2\/pages\/9351\/revisions\/10597"}],"wp:attachment":[{"href":"https:\/\/www.asso-torcol.fr\/index.php\/wp-json\/wp\/v2\/media?parent=9351"}],"curies":[{"name":"wp","href":"https:\/\/api.w.org\/{rel}","templated":true}]}}