{"id":9348,"date":"2024-04-27T08:56:25","date_gmt":"2024-04-27T06:56:25","guid":{"rendered":"https:\/\/www.asso-torcol.fr\/?page_id=9348"},"modified":"2026-02-09T15:14:42","modified_gmt":"2026-02-09T14:14:42","slug":"nos-partenaires-associatifs","status":"publish","type":"page","link":"https:\/\/www.asso-torcol.fr\/index.php\/nos-partenaires-associatifs\/","title":{"rendered":"NOS PARTENAIRES ASSOCIATIFS"},"content":{"rendered":"\n<div class=\"wp-block-group\"><div class=\"wp-block-group__inner-container is-layout-constrained wp-block-group-is-layout-constrained\">\n<div class=\"wp-block-columns is-layout-flex wp-container-core-columns-is-layout-9d6595d7 wp-block-columns-is-layout-flex\">\n<div class=\"wp-block-column is-layout-flow wp-block-column-is-layout-flow\">\n<h2 class=\"wp-block-heading\"><a href=\"https:\/\/www.renard-roux.fr\/\">Collectif Renard Grand Est<\/a><\/h2>\n\n\n\n<figure class=\"wp-block-image size-full\"><img loading=\"lazy\" decoding=\"async\" width=\"275\" height=\"186\" src=\"https:\/\/www.asso-torcol.fr\/wp-content\/uploads\/2019\/01\/logo.png\" alt=\"Collectif renard\" class=\"wp-image-500\"\/><\/figure>\n\n\n\n<p> Il regroupe pr\u00e8s de 70 structures li\u00e9es \u00e0 la protection de la nature, il milite pour que soient enfin pris en compte les \u00e9l\u00e9ments scientifiques en faveur du renard roux et cesse l&rsquo;acharnement inutile contre cette esp\u00e8ce<\/p>\n<\/div>\n\n\n\n<div class=\"wp-block-column is-layout-flow wp-block-column-is-layout-flow\">\n<h2 class=\"wp-block-heading\"><a href=\"https:\/\/www.gardien-asso.fr\/\">GARDIEN<\/a><\/h2>\n\n\n\n<figure class=\"wp-block-image size-full\"><img loading=\"lazy\" decoding=\"async\" width=\"263\" height=\"118\" src=\"https:\/\/www.asso-torcol.fr\/wp-content\/uploads\/2024\/02\/gardien.jpg\" alt=\"\" class=\"wp-image-9288\"\/><\/figure>\n\n\n\n<p>G.A.R.D.I.E.N : Groupe Associatif de R\u00e9flexion pour la Diversit\u00e9 et l&rsquo;Intelligence Ecologiques et Nutritionnelles. GARDIEN est une association cr\u00e9\u00e9e en 2014 avec la volont\u00e9 de faire avancer les id\u00e9es et de partager un go\u00fbt prononc\u00e9 pour la nature. Notre propos est de concilier un mode de vie moderne et \u00e9cocitoyen, par la diffusion de l&rsquo;information ainsi que la r\u00e9alisation d&rsquo;actions concr\u00e8tes.<\/p>\n<\/div>\n<\/div>\n\n\n\n<div class=\"wp-block-columns is-layout-flex wp-container-core-columns-is-layout-9d6595d7 wp-block-columns-is-layout-flex\">\n<div class=\"wp-block-column is-layout-flow wp-block-column-is-layout-flow\">\n<h2 class=\"wp-block-heading\"><a href=\"https:\/\/fne-grandest.fr\/qui-sommes-nous\/\">France Nature Environnement<\/a><\/h2>\n\n\n\n<figure class=\"wp-block-image size-full\"><img loading=\"lazy\" decoding=\"async\" width=\"573\" height=\"495\" src=\"https:\/\/www.asso-torcol.fr\/wp-content\/uploads\/2019\/03\/MirabelleProjet1.png\" alt=\"\" class=\"wp-image-1594\"\/><\/figure>\n\n\n\n<p><strong>France Nature Environnement est la f\u00e9d\u00e9ration fran\u00e7aise des associations de protection de la nature et de l\u2019environnement. Elle est la porte-parole d\u2019un mouvement de 3500 associations, regroup\u00e9es au sein de 80 organisations adh\u00e9rentes, pr\u00e9sentes sur tout le territoire fran\u00e7ais, en m\u00e9tropole et outre-mer.<\/strong><\/p>\n<\/div>\n\n\n\n<div class=\"wp-block-column is-layout-flow wp-block-column-is-layout-flow\">\n<h2 class=\"wp-block-heading\"><a href=\"https:\/\/welfarm.fr\/\">Welfarm &#8211; Protection Mondiale des Animaux de Ferme<\/a><\/h2>\n\n\n\n<figure class=\"wp-block-image size-full\"><img loading=\"lazy\" decoding=\"async\" width=\"422\" height=\"271\" src=\"https:\/\/www.asso-torcol.fr\/wp-content\/uploads\/2023\/12\/WELFARM.png\" alt=\"\" class=\"wp-image-9214\"\/><\/figure>\n\n\n\n<p>Association dont la mission est Reconnue d&rsquo;Utilit\u00e9 Publique, WELFARM \u0153uvre pour une meilleure prise en compte du bien-\u00eatre des animaux, \u00e0 toutes les \u00e9tapes de leur vie (\u00e9levage, transport, abattage)<\/p>\n<\/div>\n<\/div>\n\n\n\n<div class=\"wp-block-columns is-layout-flex wp-container-core-columns-is-layout-9d6595d7 wp-block-columns-is-layout-flex\">\n<div class=\"wp-block-column is-layout-flow wp-block-column-is-layout-flow\">\n<h2 class=\"wp-block-heading\"><a href=\"https:\/\/www.sonneursdelacote.com\/?fbclid=IwAR25vOEgheDpBCKRgXXsIn7i3QYf3jukKctEYQC3QPgPX3dgAjRvlABG-LY\">Les sonneurs de la c\u00f4te<\/a><\/h2>\n\n\n\n<figure class=\"wp-block-image size-full\"><img loading=\"lazy\" decoding=\"async\" width=\"600\" height=\"200\" src=\"https:\/\/www.asso-torcol.fr\/wp-content\/uploads\/2019\/01\/unnamed.png\" alt=\"\" class=\"wp-image-525\"\/><\/figure>\n\n\n\n<p>L&rsquo;association \u00ab\u00a0Les Sonneurs de la C\u00f4te\u00a0\u00bb a pour objet de veiller et participer au maintien, voire \u00e0 l&rsquo;am\u00e9lioration, de la qualit\u00e9 de vie et de l&rsquo;environnement des habitants de Pagny-sur-Moselle et des communes voisines.<\/p>\n<\/div>\n\n\n\n<div class=\"wp-block-column is-layout-flow wp-block-column-is-layout-flow\">\n<h2 class=\"wp-block-heading\"><a href=\"https:\/\/croqueurs-national.fr\/associations-locales\/84-lorraine.htmlhttps:\/\/welfarm.fr\/\">Les <\/a><a href=\"https:\/\/croqueursdepommesdelorraine.fr\/\">croqueurs <\/a><a href=\"https:\/\/croqueurs-national.fr\/associations-locales\/84-lorraine.htmlhttps:\/\/welfarm.fr\/\">de pommes<\/a><\/h2>\n\n\n\n<figure class=\"wp-block-image size-full\"><img loading=\"lazy\" decoding=\"async\" width=\"915\" height=\"232\" src=\"https:\/\/www.asso-torcol.fr\/wp-content\/uploads\/2023\/12\/LES-CROQUEURS-DE-POMMES.png\" alt=\"\" class=\"wp-image-9220\" srcset=\"https:\/\/www.asso-torcol.fr\/wp-content\/uploads\/2023\/12\/LES-CROQUEURS-DE-POMMES.png 915w, https:\/\/www.asso-torcol.fr\/wp-content\/uploads\/2023\/12\/LES-CROQUEURS-DE-POMMES-768x195.png 768w\" sizes=\"auto, (max-width: 915px) 100vw, 915px\" \/><\/figure>\n\n\n\n<p>L&rsquo;association \u00ab\u00a0Croqueurs de Pommes de Lorraine\u00a0\u00bb a pour objet de rechercher et sauvegarder des anciennes vari\u00e9t\u00e9s de fruits<\/p>\n<\/div>\n<\/div>\n\n\n\n<div class=\"wp-block-columns is-layout-flex wp-container-core-columns-is-layout-9d6595d7 wp-block-columns-is-layout-flex\">\n<div class=\"wp-block-column is-layout-flow wp-block-column-is-layout-flow\">\n<h2 class=\"wp-block-heading\"><a href=\"https:\/\/www.pnr-lorraine.com\/comprendre\/le-parc\/le-parc-naturel-regional-de-lorraine\/\">Parc naturel r\u00e9gional  de Lorraine<\/a><\/h2>\n\n\n\n<figure class=\"wp-block-image size-full\"><img loading=\"lazy\" decoding=\"async\" width=\"315\" height=\"358\" src=\"https:\/\/www.asso-torcol.fr\/wp-content\/uploads\/2023\/12\/Parc-regional-de-Lorraine.png\" alt=\"\" class=\"wp-image-9223\"\/><\/figure>\n\n\n\n<p>Site officiel : un territoire reconnu et labellis\u00e9 par le Minist\u00e8re de l\u2019Environnement pour ses richesses naturelles et culturelles.<\/p>\n<\/div>\n\n\n\n<div class=\"wp-block-column is-layout-flow wp-block-column-is-layout-flow\">\n<p><\/p>\n\n\n\n<figure class=\"wp-block-gallery has-nested-images columns-default is-cropped wp-block-gallery-1 is-layout-flex wp-block-gallery-is-layout-flex\"><\/figure>\n<\/div>\n<\/div>\n\n\n\n<div class=\"wp-block-columns is-layout-flex wp-container-core-columns-is-layout-9d6595d7 wp-block-columns-is-layout-flex\">\n<div class=\"wp-block-column is-layout-flow wp-block-column-is-layout-flow\">\n<h2 class=\"wp-block-heading\"><a href=\"https:\/\/annuaire-association.com\/\" target=\"_blank\" rel=\"noreferrer noopener\">Annuaire des associations<\/a><\/h2>\n\n\n\n<p><\/p>\n\n\n\n<figure class=\"wp-block-image size-full\"><img loading=\"lazy\" decoding=\"async\" width=\"478\" height=\"142\" src=\"https:\/\/www.asso-torcol.fr\/wp-content\/uploads\/2024\/02\/annuaire-des-associations.png\" alt=\"\" class=\"wp-image-9294\"\/><\/figure>\n\n\n\n<p>Outil participatif et ouvert \u00e0 toutes les associations Fran\u00e7aises souhaitant pr\u00e9senter leur activit\u00e9<\/p>\n<\/div>\n\n\n\n<div class=\"wp-block-column is-layout-flow wp-block-column-is-layout-flow\">\n<p><\/p>\n<\/div>\n<\/div>\n<\/div><\/div>\n\n\n\n<p><\/p>\n\n\n\n<p><\/p>\n\n\n\n<p><\/p>\n\n\n\n<h5 class=\"wp-block-heading\"><\/h5>\n","protected":false},"excerpt":{"rendered":"<p>Collectif Renard Grand Est Il regroupe pr\u00e8s de 70 structures li\u00e9es \u00e0 la protection de la nature, il milite pour que soient enfin pris en compte les \u00e9l\u00e9ments scientifiques en faveur du renard roux&#46;&#46;&#46;<\/p>\n","protected":false},"author":1,"featured_media":0,"parent":0,"menu_order":0,"comment_status":"closed","ping_status":"closed","template":"","meta":{"footnotes":""},"class_list":["post-9348","page","type-page","status-publish","hentry"],"_links":{"self":[{"href":"https:\/\/www.asso-torcol.fr\/index.php\/wp-json\/wp\/v2\/pages\/9348","targetHints":{"allow":["GET"]}}],"collection":[{"href":"https:\/\/www.asso-torcol.fr\/index.php\/wp-json\/wp\/v2\/pages"}],"about":[{"href":"https:\/\/www.asso-torcol.fr\/index.php\/wp-json\/wp\/v2\/types\/page"}],"author":[{"embeddable":true,"href":"https:\/\/www.asso-torcol.fr\/index.php\/wp-json\/wp\/v2\/users\/1"}],"replies":[{"embeddable":true,"href":"https:\/\/www.asso-torcol.fr\/index.php\/wp-json\/wp\/v2\/comments?post=9348"}],"version-history":[{"count":3,"href":"https:\/\/www.asso-torcol.fr\/index.php\/wp-json\/wp\/v2\/pages\/9348\/revisions"}],"predecessor-version":[{"id":10505,"href":"https:\/\/www.asso-torcol.fr\/index.php\/wp-json\/wp\/v2\/pages\/9348\/revisions\/10505"}],"wp:attachment":[{"href":"https:\/\/www.asso-torcol.fr\/index.php\/wp-json\/wp\/v2\/media?parent=9348"}],"curies":[{"name":"wp","href":"https:\/\/api.w.org\/{rel}","templated":true}]}}