{"id":9319,"date":"2024-04-27T07:48:21","date_gmt":"2024-04-27T05:48:21","guid":{"rendered":"https:\/\/www.asso-torcol.fr\/?page_id=9319"},"modified":"2024-07-21T18:14:00","modified_gmt":"2024-07-21T16:14:00","slug":"nos-groupes-locaux","status":"publish","type":"page","link":"https:\/\/www.asso-torcol.fr\/index.php\/nos-groupes-locaux\/","title":{"rendered":"Nos groupes locaux"},"content":{"rendered":"\n<div class=\"wp-block-group\"><div class=\"wp-block-group__inner-container is-layout-constrained wp-block-group-is-layout-constrained\">\n<p class=\"has-large-font-size\"><strong>PLAPPEVILLE : Verger du Vieux Puits<\/strong><\/p>\n\n\n\n<figure class=\"wp-block-image size-full is-resized\"><a href=\"https:\/\/www.asso-torcol.fr\/index.php\/category\/breves\/protection-2\/plappeville\/\"><img loading=\"lazy\" decoding=\"async\" src=\"https:\/\/www.asso-torcol.fr\/wp-content\/uploads\/2024\/07\/bandeau.png\" alt=\"\" class=\"wp-image-9875\" width=\"733\" height=\"182\" srcset=\"https:\/\/www.asso-torcol.fr\/wp-content\/uploads\/2024\/07\/bandeau.png 830w, https:\/\/www.asso-torcol.fr\/wp-content\/uploads\/2024\/07\/bandeau-768x192.png 768w\" sizes=\"auto, (max-width: 733px) 100vw, 733px\" \/><\/a><\/figure>\n<\/div><\/div>\n\n\n\n<p><\/p>\n\n\n\n<p class=\"has-vivid-green-cyan-color has-text-color has-background has-large-font-size\" style=\"background:linear-gradient(135deg,rgb(255,245,203) 31%,rgb(182,227,212) 50%,rgb(51,167,181) 100%)\"><strong><a href=\"https:\/\/www.asso-torcol.fr\/index.php\/category\/groupe-local-2\/\">MAIZI\u00c8RES LES METZ :                Verger p\u00e9dagogique des \u00c9CARTS<\/a><\/strong><\/p>\n\n\n\n<p class=\"has-text-color has-background has-large-font-size\" style=\"color:#0da56d;background:linear-gradient(135deg,rgb(255,245,203) 6%,rgb(182,227,212) 50%,rgb(51,167,181) 100%)\"><a rel=\"noreferrer noopener\" href=\"https:\/\/www.asso-torcol.fr\/index.php\/category\/groupe-local\/\" target=\"_blank\"><strong>CORNY SUR MOSELLE<\/strong><\/a><strong> <\/strong><\/p>\n","protected":false},"excerpt":{"rendered":"<p>PLAPPEVILLE : Verger du Vieux Puits MAIZI\u00c8RES LES METZ : Verger p\u00e9dagogique des \u00c9CARTS CORNY SUR MOSELLE<\/p>\n","protected":false},"author":1,"featured_media":0,"parent":0,"menu_order":0,"comment_status":"closed","ping_status":"closed","template":"","meta":{"footnotes":""},"class_list":["post-9319","page","type-page","status-publish","hentry"],"_links":{"self":[{"href":"https:\/\/www.asso-torcol.fr\/index.php\/wp-json\/wp\/v2\/pages\/9319","targetHints":{"allow":["GET"]}}],"collection":[{"href":"https:\/\/www.asso-torcol.fr\/index.php\/wp-json\/wp\/v2\/pages"}],"about":[{"href":"https:\/\/www.asso-torcol.fr\/index.php\/wp-json\/wp\/v2\/types\/page"}],"author":[{"embeddable":true,"href":"https:\/\/www.asso-torcol.fr\/index.php\/wp-json\/wp\/v2\/users\/1"}],"replies":[{"embeddable":true,"href":"https:\/\/www.asso-torcol.fr\/index.php\/wp-json\/wp\/v2\/comments?post=9319"}],"version-history":[{"count":15,"href":"https:\/\/www.asso-torcol.fr\/index.php\/wp-json\/wp\/v2\/pages\/9319\/revisions"}],"predecessor-version":[{"id":9895,"href":"https:\/\/www.asso-torcol.fr\/index.php\/wp-json\/wp\/v2\/pages\/9319\/revisions\/9895"}],"wp:attachment":[{"href":"https:\/\/www.asso-torcol.fr\/index.php\/wp-json\/wp\/v2\/media?parent=9319"}],"curies":[{"name":"wp","href":"https:\/\/api.w.org\/{rel}","templated":true}]}}