{"id":8273,"date":"2023-02-23T17:36:06","date_gmt":"2023-02-23T16:36:06","guid":{"rendered":"https:\/\/www.asso-torcol.fr\/?page_id=8273"},"modified":"2023-02-23T17:36:06","modified_gmt":"2023-02-23T16:36:06","slug":"contrat-dengagement-republicain-des-associations-et-fondations-beneficiant-de-subventions-publiques-ou-dun-agrement-de-letat","status":"publish","type":"page","link":"https:\/\/www.asso-torcol.fr\/index.php\/contrat-dengagement-republicain-des-associations-et-fondations-beneficiant-de-subventions-publiques-ou-dun-agrement-de-letat\/","title":{"rendered":"Contrat d&rsquo;engagement r\u00e9publicain des associations et fondations b\u00e9n\u00e9ficiant de subventions publiques ou d&rsquo;un agr\u00e9ment de l&rsquo;\u00c9tat"},"content":{"rendered":"<div class=\"ead-preview\"><div class=\"ead-document\" style=\"position: relative;padding-top: 90%;\"><div class=\"ead-iframe-wrapper\"><iframe src=\"\/\/docs.google.com\/viewer?url=https%3A%2F%2Fwww.asso-torcol.fr%2Fwp-content%2Fuploads%2F2023%2F02%2Fcontrat-engagement-republicain.pdf&amp;embedded=true&amp;hl=en\" title=\"Document embarqu\u00e9\" class=\"ead-iframe\" style=\"width: 100%;height: 100%;border: none;position: absolute;left: 0;top: 0;visibility: hidden;\"><\/iframe><\/div>\t\t\t<div class=\"ead-document-loading\" style=\"width:100%;height:100%;position:absolute;left:0;top:0;z-index:10;\">\n\t\t\t\t<div class=\"ead-loading-wrap\">\n\t\t\t\t\t<div class=\"ead-loading-main\">\n\t\t\t\t\t\t<div class=\"ead-loading\">\n\t\t\t\t\t\t\t<img loading=\"lazy\" decoding=\"async\" src=\"https:\/\/www.asso-torcol.fr\/wp-content\/plugins\/embed-any-document\/images\/loading.svg\" width=\"55\" height=\"55\" alt=\"Chargeur\">\n\t\t\t\t\t\t\t<span>En cours de chargement&hellip;<\/span>\n\t\t\t\t\t\t<\/div>\n\t\t\t\t\t<\/div>\n\t\t\t\t\t<div class=\"ead-loading-foot\">\n\t\t\t\t\t\t<div class=\"ead-loading-foot-title\">\n\t\t\t\t\t\t\t<img loading=\"lazy\" decoding=\"async\" src=\"https:\/\/www.asso-torcol.fr\/wp-content\/plugins\/embed-any-document\/images\/EAD-logo.svg\" alt=\"Logo EAD\" width=\"36\" height=\"23\"\/>\n\t\t\t\t\t\t\t<span>Cela prend trop de temps\u00a0?<\/span>\n\t\t\t\t\t\t<\/div>\n\t\t\t\t\t\t<p>\n\t\t\t\t\t\t\t<div class=\"ead-document-btn ead-reload-btn\" role=\"button\">\n\t\t\t\t\t\t\t\t<img loading=\"lazy\" decoding=\"async\" src=\"https:\/\/www.asso-torcol.fr\/wp-content\/plugins\/embed-any-document\/images\/reload.svg\" alt=\"Recharger\" width=\"12\" height=\"12\"\/> Recharger le document\t\t\t\t\t\t\t<\/div>\n\t\t\t\t\t\t\t<span>|<\/span>\n\t\t\t\t\t\t\t<a href=\"https:\/\/www.asso-torcol.fr\/wp-content\/uploads\/2023\/02\/contrat-engagement-republicain.pdf\" class=\"ead-document-btn\" target=\"_blank\">\n\t\t\t\t\t\t\t\t<img loading=\"lazy\" decoding=\"async\" src=\"https:\/\/www.asso-torcol.fr\/wp-content\/plugins\/embed-any-document\/images\/open.svg\" alt=\"Ouvert\" width=\"12\" height=\"12\"\/> Ouvrir dans un nouvel onglet\t\t\t\t\t\t\t<\/a>\n\t\t\t\t\t<\/div>\n\t\t\t\t<\/div>\n\t\t\t<\/div>\n\t\t<\/div><p class=\"embed_download\"><a href=\"https:\/\/www.asso-torcol.fr\/wp-content\/uploads\/2023\/02\/contrat-engagement-republicain.pdf\" download>Download [486.92 KB] <\/a><\/p><\/div>","protected":false},"excerpt":{"rendered":"","protected":false},"author":1,"featured_media":0,"parent":0,"menu_order":0,"comment_status":"closed","ping_status":"closed","template":"","meta":{"footnotes":""},"class_list":["post-8273","page","type-page","status-publish","hentry"],"_links":{"self":[{"href":"https:\/\/www.asso-torcol.fr\/index.php\/wp-json\/wp\/v2\/pages\/8273","targetHints":{"allow":["GET"]}}],"collection":[{"href":"https:\/\/www.asso-torcol.fr\/index.php\/wp-json\/wp\/v2\/pages"}],"about":[{"href":"https:\/\/www.asso-torcol.fr\/index.php\/wp-json\/wp\/v2\/types\/page"}],"author":[{"embeddable":true,"href":"https:\/\/www.asso-torcol.fr\/index.php\/wp-json\/wp\/v2\/users\/1"}],"replies":[{"embeddable":true,"href":"https:\/\/www.asso-torcol.fr\/index.php\/wp-json\/wp\/v2\/comments?post=8273"}],"version-history":[{"count":1,"href":"https:\/\/www.asso-torcol.fr\/index.php\/wp-json\/wp\/v2\/pages\/8273\/revisions"}],"predecessor-version":[{"id":8275,"href":"https:\/\/www.asso-torcol.fr\/index.php\/wp-json\/wp\/v2\/pages\/8273\/revisions\/8275"}],"wp:attachment":[{"href":"https:\/\/www.asso-torcol.fr\/index.php\/wp-json\/wp\/v2\/media?parent=8273"}],"curies":[{"name":"wp","href":"https:\/\/api.w.org\/{rel}","templated":true}]}}