{"id":301,"date":"2019-01-06T17:19:15","date_gmt":"2019-01-06T16:19:15","guid":{"rendered":"https:\/\/www.asso-torcol.fr\/?page_id=301"},"modified":"2026-02-03T17:11:38","modified_gmt":"2026-02-03T16:11:38","slug":"recrutement-services-civiques","status":"publish","type":"page","link":"https:\/\/www.asso-torcol.fr\/index.php\/recrutement-services-civiques\/","title":{"rendered":"Recrutement &#8211; Services civiques"},"content":{"rendered":"\n<h1 class=\"wp-block-heading has-text-color\" style=\"color:#2e329a\"><strong>CONDITIONS D&rsquo;ACCUEIL :<\/strong><\/h1>\n\n\n\n<p class=\"has-text-color\" style=\"color:#2e329a\">24 heures par semaine<\/p>\n\n\n\n<p class=\"has-text-color\" style=\"color:#2e329a\">Dur\u00e9e de la mission&nbsp;: <strong>8 mois<\/strong><\/p>\n\n\n\n<h2 class=\"wp-block-heading has-text-color\" style=\"color:#2e329a\">P\u00e9riode souhait\u00e9e : <br><\/h2>\n\n\n\n<p><\/p>\n","protected":false},"excerpt":{"rendered":"<p>CONDITIONS D&rsquo;ACCUEIL : 24 heures par semaine Dur\u00e9e de la mission&nbsp;: 8 mois P\u00e9riode souhait\u00e9e :<\/p>\n","protected":false},"author":1,"featured_media":2420,"parent":0,"menu_order":0,"comment_status":"closed","ping_status":"closed","template":"","meta":{"footnotes":""},"class_list":["post-301","page","type-page","status-publish","has-post-thumbnail","hentry"],"_links":{"self":[{"href":"https:\/\/www.asso-torcol.fr\/index.php\/wp-json\/wp\/v2\/pages\/301","targetHints":{"allow":["GET"]}}],"collection":[{"href":"https:\/\/www.asso-torcol.fr\/index.php\/wp-json\/wp\/v2\/pages"}],"about":[{"href":"https:\/\/www.asso-torcol.fr\/index.php\/wp-json\/wp\/v2\/types\/page"}],"author":[{"embeddable":true,"href":"https:\/\/www.asso-torcol.fr\/index.php\/wp-json\/wp\/v2\/users\/1"}],"replies":[{"embeddable":true,"href":"https:\/\/www.asso-torcol.fr\/index.php\/wp-json\/wp\/v2\/comments?post=301"}],"version-history":[{"count":15,"href":"https:\/\/www.asso-torcol.fr\/index.php\/wp-json\/wp\/v2\/pages\/301\/revisions"}],"predecessor-version":[{"id":10477,"href":"https:\/\/www.asso-torcol.fr\/index.php\/wp-json\/wp\/v2\/pages\/301\/revisions\/10477"}],"wp:featuredmedia":[{"embeddable":true,"href":"https:\/\/www.asso-torcol.fr\/index.php\/wp-json\/wp\/v2\/media\/2420"}],"wp:attachment":[{"href":"https:\/\/www.asso-torcol.fr\/index.php\/wp-json\/wp\/v2\/media?parent=301"}],"curies":[{"name":"wp","href":"https:\/\/api.w.org\/{rel}","templated":true}]}}