{"id":2050,"date":"2019-05-04T21:10:03","date_gmt":"2019-05-04T19:10:03","guid":{"rendered":"https:\/\/www.asso-torcol.fr\/?page_id=2050"},"modified":"2021-04-05T12:06:19","modified_gmt":"2021-04-05T10:06:19","slug":"videos-nature","status":"publish","type":"page","link":"https:\/\/www.asso-torcol.fr\/index.php\/videos-nature\/","title":{"rendered":"Vid\u00e9os Nature"},"content":{"rendered":"\n<h1 class=\"has-text-align-center wp-block-heading\">Pour le plaisir des yeux<\/h1>\n\n\n\n<div class=\"wp-block-media-text alignfull has-background\" style=\"background-color:#75e077\"><figure class=\"wp-block-media-text__media\"><video controls src=\"https:\/\/www.asso-torcol.fr\/wp-content\/uploads\/2019\/07\/Le-Blongios-nain.mp4\"><\/video><\/figure><div class=\"wp-block-media-text__content\">\n<h2 class=\"wp-block-heading\">Le Blongios nain<\/h2>\n\n\n\n<h4 class=\"wp-block-heading\"><em>&#8230; par Christian GASTON<\/em><\/h4>\n\n\n\n<p class=\"has-text-color has-medium-font-size has-very-dark-gray-color\">Cet oiseau fait partie de la famille des h\u00e9rons. S\u00e9quence tourn\u00e9e \u00e0 la zone humide de Remerschen (Luxembourg).<br><\/p>\n<\/div><\/div>\n\n\n\n<div class=\"wp-block-media-text alignfull has-media-on-the-right has-background\" style=\"background-color:#75e077\"><figure class=\"wp-block-media-text__media\"><video controls src=\"https:\/\/www.asso-torcol.fr\/wp-content\/uploads\/2019\/07\/Le-Cingle-plongeur.mp4\"><\/video><\/figure><div class=\"wp-block-media-text__content\">\n<h2 class=\"wp-block-heading\">Le Cincle plongeur<\/h2>\n\n\n\n<h4 class=\"wp-block-heading\"><em>&#8230; par Roland ROGER<\/em><\/h4>\n\n\n\n<p class=\"has-text-color has-medium-font-size has-very-dark-gray-color\">Cet oiseau est \u00e9tonnant. Il vole et nage sous l&rsquo;eau !!!<br><\/p>\n<\/div><\/div>\n\n\n\n<div class=\"wp-block-media-text alignfull has-background\" style=\"background-color:#75e077\"><figure class=\"wp-block-media-text__media\"><video controls src=\"https:\/\/www.asso-torcol.fr\/wp-content\/uploads\/2019\/07\/La-cigogne-et-le-renard.mov\"><\/video><\/figure><div class=\"wp-block-media-text__content\">\n<h2 class=\"wp-block-heading\">Le Renard et la Cigogne.<\/h2>\n\n\n\n<h4 class=\"wp-block-heading\"><em>&#8230; par Roland ROGER<\/em><\/h4>\n\n\n\n<p class=\"has-text-color has-medium-font-size has-very-dark-gray-color\">Qui a dit que le renard est nuisible ? Regardez, il ne mange que des hannetons et n&rsquo;a rien \u00e0 faire de la cigogne blanche?<br><\/p>\n<\/div><\/div>\n\n\n\n<div class=\"wp-block-media-text alignfull has-media-on-the-right has-background\" style=\"background-color:#75e077\"><figure class=\"wp-block-media-text__media\"><video controls src=\"https:\/\/www.asso-torcol.fr\/wp-content\/uploads\/2019\/05\/La-derni\u00e8re-b\u00e2che-vd.mov\"><\/video><\/figure><div class=\"wp-block-media-text__content\">\n<h2 class=\"wp-block-heading\">Les b\u00e2ches pour la derni\u00e8re fois<\/h2>\n\n\n\n<h4 class=\"wp-block-heading\"><em>Dans le fond des archives&#8230; par Roland ROGER<\/em><\/h4>\n\n\n\n<p class=\"has-text-color has-medium-font-size has-very-dark-gray-color\">Souvenez-vous ! tous les ans c&rsquo;\u00e9tait la m\u00eame histoire. Grace \u00e0 Torcol et ses b\u00e9n\u00e9voles, des milliers de crapauds ont \u00e9t\u00e9 sauv\u00e9s. <br>De vrais h\u00e9ros ces b\u00e9n\u00e9voles !!! Bravo \u00e0 eux !<br><\/p>\n<\/div><\/div>\n\n\n\n<div class=\"wp-block-media-text alignfull has-background\" style=\"background-color:#75e077\"><figure class=\"wp-block-media-text__media\"><video controls src=\"https:\/\/www.asso-torcol.fr\/wp-content\/uploads\/2019\/07\/Les-gr\u00e8bes-hupp\u00e9sVL.mov\"><\/video><\/figure><div class=\"wp-block-media-text__content\">\n<h2 class=\"has-text-align-center wp-block-heading\">    Les gr\u00e8bes hupp\u00e9s<\/h2>\n\n\n\n<h4 class=\"has-text-align-center wp-block-heading\"><em>par Roland ROGER<\/em><br><\/h4>\n\n\n\n<p class=\"has-text-align-center\"> <br><strong>Haff Remich  &#8211;  Luxembourg<\/strong> <\/p>\n<\/div><\/div>\n\n\n\n<div class=\"wp-block-media-text alignfull has-media-on-the-right has-background\" style=\"background-color:#75e077\"><figure class=\"wp-block-media-text__media\"><video controls src=\"https:\/\/www.asso-torcol.fr\/wp-content\/uploads\/2019\/05\/Le-pic-\u00e9peicheVL.mov\"><\/video><\/figure><div class=\"wp-block-media-text__content\">\n<h2 class=\"has-text-align-center wp-block-heading\" id=\"mce_0\">        Le pic \u00e9peiche<\/h2>\n\n\n\n<h5 class=\"has-text-align-center wp-block-heading\"><em>par Roland ROGER<\/em><br> <br>S\u00e9quences r\u00e9alis\u00e9es \u00e0 Nov\u00e9ant-sur-Moselle <br><\/h5>\n<\/div><\/div>\n\n\n\n<div class=\"wp-block-media-text alignfull has-background\" style=\"background-color:#75e077\"><figure class=\"wp-block-media-text__media\"><video controls src=\"https:\/\/www.asso-torcol.fr\/wp-content\/uploads\/2019\/04\/Butor-\u00e9toil\u00e9.mp4\"><\/video><\/figure><div class=\"wp-block-media-text__content\">\n<p class=\"has-text-align-center has-large-font-size\"><strong>Le Butor \u00e9toil\u00e9<\/strong><\/p>\n\n\n\n<h4 class=\"has-text-align-center wp-block-heading\" id=\"mce_2\"><em>par Roland ROGER<\/em><\/h4>\n\n\n\n<p class=\"has-text-align-center\"><strong>Haff Remich  &#8211;  Luxembourg<\/strong><\/p>\n<\/div><\/div>\n\n\n\n<div class=\"wp-block-media-text alignfull has-media-on-the-right has-background\" style=\"background-color:#75e077\"><figure class=\"wp-block-media-text__media\"><video controls src=\"https:\/\/www.asso-torcol.fr\/wp-content\/uploads\/2019\/05\/Cest-beau-lamourVL.mov\"><\/video><\/figure><div class=\"wp-block-media-text__content\">\n<p class=\"has-text-align-center has-medium-font-size\"><strong>Les Martins P\u00eacheurs<\/strong><\/p>\n\n\n\n<h5 class=\"has-text-align-center wp-block-heading\"> <br><em>par Roland ROGER<\/em> <\/h5>\n\n\n\n<p class=\"has-text-align-center has-medium-font-size\"><em>s\u00e9quences r\u00e9alis\u00e9es \u00e0 Nov\u00e9ant sur Moselle<\/em><br><\/p>\n<\/div><\/div>\n","protected":false},"excerpt":{"rendered":"<p>Pour le plaisir des yeux Le Blongios nain &#8230; par Christian GASTON Cet oiseau fait partie de la famille des h\u00e9rons. S\u00e9quence tourn\u00e9e \u00e0 la zone humide de Remerschen (Luxembourg). Le Cincle plongeur &#8230;&#46;&#46;&#46;<\/p>\n","protected":false},"author":1,"featured_media":0,"parent":0,"menu_order":0,"comment_status":"closed","ping_status":"closed","template":"","meta":{"footnotes":""},"class_list":["post-2050","page","type-page","status-publish","hentry"],"_links":{"self":[{"href":"https:\/\/www.asso-torcol.fr\/index.php\/wp-json\/wp\/v2\/pages\/2050","targetHints":{"allow":["GET"]}}],"collection":[{"href":"https:\/\/www.asso-torcol.fr\/index.php\/wp-json\/wp\/v2\/pages"}],"about":[{"href":"https:\/\/www.asso-torcol.fr\/index.php\/wp-json\/wp\/v2\/types\/page"}],"author":[{"embeddable":true,"href":"https:\/\/www.asso-torcol.fr\/index.php\/wp-json\/wp\/v2\/users\/1"}],"replies":[{"embeddable":true,"href":"https:\/\/www.asso-torcol.fr\/index.php\/wp-json\/wp\/v2\/comments?post=2050"}],"version-history":[{"count":31,"href":"https:\/\/www.asso-torcol.fr\/index.php\/wp-json\/wp\/v2\/pages\/2050\/revisions"}],"predecessor-version":[{"id":6599,"href":"https:\/\/www.asso-torcol.fr\/index.php\/wp-json\/wp\/v2\/pages\/2050\/revisions\/6599"}],"wp:attachment":[{"href":"https:\/\/www.asso-torcol.fr\/index.php\/wp-json\/wp\/v2\/media?parent=2050"}],"curies":[{"name":"wp","href":"https:\/\/api.w.org\/{rel}","templated":true}]}}