{"id":1261,"date":"2019-03-10T23:29:08","date_gmt":"2019-03-10T22:29:08","guid":{"rendered":"https:\/\/www.asso-torcol.fr\/?page_id=1261"},"modified":"2026-02-13T08:55:21","modified_gmt":"2026-02-13T07:55:21","slug":"calendrier","status":"publish","type":"page","link":"https:\/\/www.asso-torcol.fr\/index.php\/calendrier\/","title":{"rendered":"Nos calendriers"},"content":{"rendered":"\n\n<!-- Google tag (gtag.js) -->\n<script async src=\"https:\/\/www.googletagmanager.com\/gtag\/js?id=G-DS224ZPT0D\"><\/script>\n<script>\n  window.dataLayer = window.dataLayer || [];\n  function gtag(){dataLayer.push(arguments);}\n  gtag('js', new Date());\n\n  gtag('config', 'G-DS224ZPT0D');\n<\/script>\n\n\n\n\n<p class=\"has-text-color\" style=\"color:#000ba3\"><strong> R\u00c9UNIONS TRIMESTRIELLES<\/strong>, <\/p>\n\n\n\n<p class=\"has-text-color\" style=\"color:#000ba3\">*journ\u00e9e compl\u00e8te, (en principe un dimanche)<\/p>\n\n\n\n<p class=\"has-text-color\" style=\"color:#000ba3\">*sortie d\u00e9couverte d&rsquo;un site,  <\/p>\n\n\n\n<p class=\"has-text-color\" style=\"color:#000ba3\">*repas en commun, <\/p>\n\n\n\n<p class=\"has-text-color\" style=\"color:#000ba3\">*r\u00e9union et diffusion d&rsquo;un diaporama des activit\u00e9s pass\u00e9es et \u00e0 venir l&rsquo;apr\u00e8s-midi.<\/p>\n\n\n\n<p class=\"has-text-color\" style=\"color:#000ba3\">Tout cela dans la convivialit\u00e9 et le plaisir de se retrouver.<\/p>\n\n\n\n<h4 class=\"wp-block-heading has-vivid-red-color has-text-color\"><strong> AFIN DE NE RIEN MANQUER<\/strong> Vous trouverez ci-dessous des explications pour vous permettre d&rsquo;enregistrer rapidement les activit\u00e9s dans votre propre agendas Google .&nbsp; <\/h4>\n\n\n\n<figure class=\"wp-block-image\"><img loading=\"lazy\" decoding=\"async\" width=\"111\" height=\"16\" src=\"https:\/\/www.asso-torcol.fr\/wp-content\/uploads\/2020\/02\/googleagenda.gif\" alt=\"\" class=\"wp-image-3728\"\/><figcaption class=\"wp-element-caption\"> <strong> En bas \u00e0 droite du calendrier, cliquez sur \u00ab&nbsp;+Google Agenda&nbsp;\u00bb. Google va alors vous demander de vous connecter et vous pourrez inclure cet agenda dans le votre afin de ne rien manqu<\/strong>er  <\/figcaption><\/figure>\n\n\n\n<p class=\"has-text-color\" style=\"color:#000ba3\">Cliquez sur l&rsquo;\u00e9v\u00e9nement qui vous int\u00e9resse pour avoir plus d&rsquo;informations<\/p>\n\n\n\n<figure class=\"wp-block-embed is-type-wp-embed is-provider-association-torcol wp-block-embed-association-torcol\"><div class=\"wp-block-embed__wrapper\">\n<blockquote class=\"wp-embedded-content\" data-secret=\"TqtZUDmENj\"><a href=\"https:\/\/www.asso-torcol.fr\/index.php\/2020\/02\/26\/calendrier-des-activites\/\">Calendrier des Activit\u00e9s<\/a><\/blockquote><iframe loading=\"lazy\" class=\"wp-embedded-content\" sandbox=\"allow-scripts\" security=\"restricted\" style=\"position: absolute; visibility: hidden;\" title=\"\u00ab\u00a0Calendrier des Activit\u00e9s\u00a0\u00bb &#8212; Association Torcol\" src=\"https:\/\/www.asso-torcol.fr\/index.php\/2020\/02\/26\/calendrier-des-activites\/embed\/#?secret=ZzUhyzSaqp#?secret=TqtZUDmENj\" data-secret=\"TqtZUDmENj\" width=\"500\" height=\"282\" frameborder=\"0\" marginwidth=\"0\" marginheight=\"0\" scrolling=\"no\"><\/iframe>\n<\/div><\/figure>\n\n\n\n<figure class=\"wp-block-embed is-type-wp-embed is-provider-association-torcol wp-block-embed-association-torcol\"><div class=\"wp-block-embed__wrapper\">\n<blockquote class=\"wp-embedded-content\" data-secret=\"h6WuGlLi8p\"><a href=\"https:\/\/www.asso-torcol.fr\/index.php\/2020\/01\/26\/calendrier-protection-des-especes\/\">Calendrier protection des esp\u00e8ces<\/a><\/blockquote><iframe loading=\"lazy\" class=\"wp-embedded-content\" sandbox=\"allow-scripts\" security=\"restricted\" style=\"position: absolute; visibility: hidden;\" title=\"\u00ab\u00a0Calendrier protection des esp\u00e8ces\u00a0\u00bb &#8212; Association Torcol\" src=\"https:\/\/www.asso-torcol.fr\/index.php\/2020\/01\/26\/calendrier-protection-des-especes\/embed\/#?secret=Szb5Q6Dl6D#?secret=h6WuGlLi8p\" data-secret=\"h6WuGlLi8p\" width=\"500\" height=\"282\" frameborder=\"0\" marginwidth=\"0\" marginheight=\"0\" scrolling=\"no\"><\/iframe>\n<\/div><\/figure>\n\n\n\n<figure class=\"wp-block-embed is-type-wp-embed is-provider-association-torcol wp-block-embed-association-torcol\"><div class=\"wp-block-embed__wrapper\">\n<blockquote class=\"wp-embedded-content\" data-secret=\"YYEbeYhHFA\"><a href=\"https:\/\/www.asso-torcol.fr\/index.php\/2024\/01\/13\/calendrier-des-animations-scolaires-et-periscolaires\/\">Calendrier des animations scolaires et p\u00e9riscolaires<\/a><\/blockquote><iframe loading=\"lazy\" class=\"wp-embedded-content\" sandbox=\"allow-scripts\" security=\"restricted\" style=\"position: absolute; visibility: hidden;\" title=\"\u00ab\u00a0Calendrier des animations scolaires et p\u00e9riscolaires\u00a0\u00bb &#8212; Association Torcol\" src=\"https:\/\/www.asso-torcol.fr\/index.php\/2024\/01\/13\/calendrier-des-animations-scolaires-et-periscolaires\/embed\/#?secret=al2JL7Sxrd#?secret=YYEbeYhHFA\" data-secret=\"YYEbeYhHFA\" width=\"500\" height=\"282\" frameborder=\"0\" marginwidth=\"0\" marginheight=\"0\" scrolling=\"no\"><\/iframe>\n<\/div><\/figure>\n\n\n\n<pre class=\"wp-block-code\"><code>\n<\/code><\/pre>\n\n\n\n<p><\/p>\n","protected":false},"excerpt":{"rendered":"<p>R\u00c9UNIONS TRIMESTRIELLES, *journ\u00e9e compl\u00e8te, (en principe un dimanche) *sortie d\u00e9couverte d&rsquo;un site, *repas en commun, *r\u00e9union et diffusion d&rsquo;un diaporama des activit\u00e9s pass\u00e9es et \u00e0 venir l&rsquo;apr\u00e8s-midi. Tout cela dans la convivialit\u00e9 et le&#46;&#46;&#46;<\/p>\n","protected":false},"author":1,"featured_media":0,"parent":0,"menu_order":2,"comment_status":"closed","ping_status":"closed","template":"","meta":{"footnotes":""},"class_list":["post-1261","page","type-page","status-publish","hentry"],"_links":{"self":[{"href":"https:\/\/www.asso-torcol.fr\/index.php\/wp-json\/wp\/v2\/pages\/1261","targetHints":{"allow":["GET"]}}],"collection":[{"href":"https:\/\/www.asso-torcol.fr\/index.php\/wp-json\/wp\/v2\/pages"}],"about":[{"href":"https:\/\/www.asso-torcol.fr\/index.php\/wp-json\/wp\/v2\/types\/page"}],"author":[{"embeddable":true,"href":"https:\/\/www.asso-torcol.fr\/index.php\/wp-json\/wp\/v2\/users\/1"}],"replies":[{"embeddable":true,"href":"https:\/\/www.asso-torcol.fr\/index.php\/wp-json\/wp\/v2\/comments?post=1261"}],"version-history":[{"count":51,"href":"https:\/\/www.asso-torcol.fr\/index.php\/wp-json\/wp\/v2\/pages\/1261\/revisions"}],"predecessor-version":[{"id":10509,"href":"https:\/\/www.asso-torcol.fr\/index.php\/wp-json\/wp\/v2\/pages\/1261\/revisions\/10509"}],"wp:attachment":[{"href":"https:\/\/www.asso-torcol.fr\/index.php\/wp-json\/wp\/v2\/media?parent=1261"}],"curies":[{"name":"wp","href":"https:\/\/api.w.org\/{rel}","templated":true}]}}