{"id":10224,"date":"2025-04-09T20:11:58","date_gmt":"2025-04-09T18:11:58","guid":{"rendered":"https:\/\/www.asso-torcol.fr\/?page_id=10224"},"modified":"2025-05-04T15:58:14","modified_gmt":"2025-05-04T13:58:14","slug":"la-flore-des-bergivaux","status":"publish","type":"page","link":"https:\/\/www.asso-torcol.fr\/index.php\/la-flore-des-bergivaux\/","title":{"rendered":"LA FLORE DES BERGIVAUX"},"content":{"rendered":"\n<p class=\"has-text-color has-medium-font-size\" style=\"color:#221394\"><strong>Cliquez sur les vignettes pour <\/strong>conna\u00eetre leur histoire <\/p>\n\n\n\n<p><\/p>\n\n\n\n<div class=\"wp-block-buttons is-layout-flex wp-block-buttons-is-layout-flex\">\n<div class=\"wp-block-button has-custom-width wp-block-button__width-50 is-style-outline is-style-outline--1\"><a class=\"wp-block-button__link has-text-color has-background wp-element-button\" href=\"https:\/\/www.asso-torcol.fr\/index.php\/2020\/04\/09\/gouet-tachete-arum-maculatum\/\" style=\"color:#1d458f;background:radial-gradient(rgb(202,248,128) 0%,rgb(113,206,126) 100%)\">G<strong>OUET T\u00c2CHET\u00c9       <\/strong><img loading=\"lazy\" decoding=\"async\" width=\"150\" height=\"166\" class=\"wp-image-10226\" style=\"width: 150px;\" src=\"https:\/\/www.asso-torcol.fr\/wp-content\/uploads\/2025\/04\/GOUET-TACHETE.jpg\" alt=\"\"><\/a><\/div>\n\n\n\n<div class=\"wp-block-button has-custom-width wp-block-button__width-50 is-style-outline is-style-outline--2\"><a class=\"wp-block-button__link has-text-color has-background wp-element-button\" href=\"https:\/\/www.asso-torcol.fr\/index.php\/2025\/04\/09\/carotte-sauvage\/\" style=\"color:#1d458f;background:radial-gradient(rgb(202,248,128) 0%,rgb(113,206,126) 100%)\"><strong>CAROTTE SAUVAGE  <\/strong><img loading=\"lazy\" decoding=\"async\" width=\"150\" height=\"157\" class=\"wp-image-10228\" style=\"width: 150px;\" src=\"https:\/\/www.asso-torcol.fr\/wp-content\/uploads\/2025\/04\/CAROTTE-SAUVAGE-.jpg\" alt=\"\"><\/a><\/div>\n\n\n\n<div class=\"wp-block-button has-custom-width wp-block-button__width-50 is-style-outline is-style-outline--3\"><a class=\"wp-block-button__link has-text-color has-background wp-element-button\" href=\"https:\/\/www.asso-torcol.fr\/index.php\/2020\/04\/09\/colchique-dautomne\/\" style=\"color:#1d458f;background:radial-gradient(rgb(202,248,128) 0%,rgb(113,206,126) 100%)\"><strong>COLCHIQUE D&rsquo;AUTOMNE    <\/strong>      <img loading=\"lazy\" decoding=\"async\" width=\"150\" height=\"170\" class=\"wp-image-10229\" style=\"width: 150px;\" src=\"https:\/\/www.asso-torcol.fr\/wp-content\/uploads\/2025\/04\/COLCHIQUE-DAUTOMNE.jpg\" alt=\"\">    <\/a><\/div>\n\n\n\n<div class=\"wp-block-button has-custom-width wp-block-button__width-50 is-style-outline is-style-outline--4\"><a class=\"wp-block-button__link has-text-color has-background wp-element-button\" href=\"https:\/\/www.asso-torcol.fr\/index.php\/2025\/04\/09\/lierre-grimpant\/\" style=\"color:#1d458f;background:radial-gradient(rgb(202,248,128) 0%,rgb(113,206,126) 100%)\"><strong>LIERRE GRIMPANT<\/strong>   <img loading=\"lazy\" decoding=\"async\" width=\"150\" height=\"182\" class=\"wp-image-10230\" style=\"width: 150px;\" src=\"https:\/\/www.asso-torcol.fr\/wp-content\/uploads\/2025\/04\/LIERRE-GRIMPANT.jpg\" alt=\"\"><\/a><\/div>\n\n\n\n\n<\/div>\n\n\n\n<div class=\"wp-block-buttons is-layout-flex wp-block-buttons-is-layout-flex\"><\/div>\n\n\n\n<p class=\"has-vivid-red-color has-text-color has-x-large-font-size\">LES PLANTES PROT\u00c9G\u00c9ES<\/p>\n\n\n\n<div class=\"wp-block-buttons is-horizontal is-content-justification-left is-layout-flex wp-container-core-buttons-is-layout-7e5fce0a wp-block-buttons-is-layout-flex\">\n<div class=\"wp-block-button has-custom-width wp-block-button__width-50 is-style-outline is-style-outline--7\"><a class=\"wp-block-button__link has-electric-grass-gradient-background has-text-color has-background wp-element-button\" href=\"https:\/\/www.asso-torcol.fr\/index.php\/2020\/12\/06\/lophioglossum-vulgatum\/\" style=\"border-radius:100px;color:#1b1f92\"><strong>LOPHIOGLOSSUM-VULGATUM<\/strong><img loading=\"lazy\" decoding=\"async\" width=\"150\" height=\"176\" class=\"wp-image-10270\" style=\"width: 150px;\" src=\"https:\/\/www.asso-torcol.fr\/wp-content\/uploads\/2025\/05\/OPHIOGLOSSUM-VULGATUM.jpg\" alt=\"\"><\/a><\/div>\n<\/div>\n","protected":false},"excerpt":{"rendered":"<p>Cliquez sur les vignettes pour conna\u00eetre leur histoire LES PLANTES PROT\u00c9G\u00c9ES<\/p>\n","protected":false},"author":1,"featured_media":0,"parent":0,"menu_order":0,"comment_status":"closed","ping_status":"closed","template":"","meta":{"footnotes":""},"class_list":["post-10224","page","type-page","status-publish","hentry"],"_links":{"self":[{"href":"https:\/\/www.asso-torcol.fr\/index.php\/wp-json\/wp\/v2\/pages\/10224","targetHints":{"allow":["GET"]}}],"collection":[{"href":"https:\/\/www.asso-torcol.fr\/index.php\/wp-json\/wp\/v2\/pages"}],"about":[{"href":"https:\/\/www.asso-torcol.fr\/index.php\/wp-json\/wp\/v2\/types\/page"}],"author":[{"embeddable":true,"href":"https:\/\/www.asso-torcol.fr\/index.php\/wp-json\/wp\/v2\/users\/1"}],"replies":[{"embeddable":true,"href":"https:\/\/www.asso-torcol.fr\/index.php\/wp-json\/wp\/v2\/comments?post=10224"}],"version-history":[{"count":15,"href":"https:\/\/www.asso-torcol.fr\/index.php\/wp-json\/wp\/v2\/pages\/10224\/revisions"}],"predecessor-version":[{"id":10306,"href":"https:\/\/www.asso-torcol.fr\/index.php\/wp-json\/wp\/v2\/pages\/10224\/revisions\/10306"}],"wp:attachment":[{"href":"https:\/\/www.asso-torcol.fr\/index.php\/wp-json\/wp\/v2\/media?parent=10224"}],"curies":[{"name":"wp","href":"https:\/\/api.w.org\/{rel}","templated":true}]}}